{"id":298,"date":"2025-08-14T07:39:54","date_gmt":"2025-08-14T07:39:54","guid":{"rendered":"https:\/\/raven.wowpress.pl\/kontakt\/"},"modified":"2025-08-29T13:59:27","modified_gmt":"2025-08-29T13:59:27","slug":"kontakt","status":"publish","type":"page","link":"https:\/\/ravenco.eu\/cs\/kontakt\/","title":{"rendered":"Kontakt"},"content":{"rendered":"<section class=\"l-section wpb_row height_auto width_full color_alternate\"><div class=\"l-section-h i-cf\"><div class=\"g-cols vc_row via_grid cols_2 laptops-cols_inherit tablets-cols_1 mobiles-cols_1 valign_middle type_default reversed stacking_default\" style=\"--columns-gap:0rem;\"><div class=\"wpb_column vc_column_container\"><div class=\"vc_column-inner\"><div class=\"w-map provider_osm us_custom_650985bf\" id=\"us_map_1\"><div class=\"w-map-inner\"><div class=\"w-map-json\" onclick='return {&quot;address&quot;:&quot;50.0502486,19.9609856&quot;,&quot;disableDragging&quot;:1,&quot;disableZoom&quot;:1,&quot;hideControls&quot;:0,&quot;zoom&quot;:16,&quot;markers&quot;:[{&quot;address&quot;:&quot;50.0502486,19.9609856&quot;,&quot;html&quot;:&quot;&quot;,&quot;infowindow&quot;:0}],&quot;style&quot;:&quot;https:\\\/\\\/{s}.basemaps.cartocdn.com\\\/rastertiles\\\/voyager\\\/{z}\\\/{x}\\\/{y}{r}.png&quot;}'><\/div><\/div><\/div><\/div><\/div><div class=\"wpb_column vc_column_container us_custom_d86a3d90\"><div class=\"vc_column-inner\"><h2 class=\"w-text\"><span class=\"w-text-h\"><span class=\"w-text-value\">Kontakt<\/span><\/span><\/h2><div class=\"wpb_text_column us_custom_4481559d\"><div class=\"wpb_wrapper\"><h4>Raven Sport sp. z o.o.<\/h4>\n<p>ul. Zab\u0142ocie 23\/10, 30 \u2013 701 Krak\u00f3w<br \/>DI\u010c: 9452039904<br \/>I\u010cO: 120082083<br \/>KRS: 0000953470<\/p>\n<\/div><\/div><div class=\"w-separator size_small\"><\/div><div class=\"wpb_text_column us_custom_4481559d\"><div class=\"wpb_wrapper\"><h4>Telefonick\u00fd kontakt<\/h4>\n<p>prodej a marketing: <a href=\"tel:12%20628%2051%2095\">12 628 51 95<\/a><br \/>objedn\u00e1vky a faktury: <a href=\"tel:12%20628%2051%2096\">12 628 51 96<\/a><br \/>\u00fa\u010detnictv\u00ed a platby: <a href=\"tel:539%20973%20413\">539 973 413<\/a><\/p>\n<\/div><\/div><div class=\"w-separator size_small\"><\/div><div class=\"wpb_text_column us_custom_4481559d\"><div class=\"wpb_wrapper\"><h4>E-mailov\u00fd kontakt<\/h4>\n<p>prodej a z\u00e1kaznick\u00fd servis: <a href=\"mailto:kontakt@ravenco.eu\">kontakt@ravenco.eu<\/a><br \/>\u00fa\u010detnictv\u00ed: <a href=\"mailto:ksiegowosc@ravenco.eu\">ksiegowosc@ravenco.eu<\/a><br \/>marketing: <a href=\"mailto:marketing@ravenco.eu\">marketing@ravenco.eu<\/a><br \/>reklamace: <a href=\"mailto:reklamacje@ravenco.eu\">reklamacje@ravenco.eu<\/a><br \/>kari\u00e9ra: <a href=\"mailto:rekrutacja@ravenco.eu\">rekrutacja@ravenco.eu<\/a><\/p>\n<\/div><\/div><\/div><\/div><\/div><\/div><\/section>\n","protected":false},"excerpt":{"rendered":"","protected":false},"author":1,"featured_media":0,"parent":0,"menu_order":0,"comment_status":"closed","ping_status":"closed","template":"","meta":{"_acf_changed":false,"footnotes":""},"class_list":["post-298","page","type-page","status-publish","hentry"],"acf":[],"_links":{"self":[{"href":"https:\/\/ravenco.eu\/cs\/wp-json\/wp\/v2\/pages\/298","targetHints":{"allow":["GET"]}}],"collection":[{"href":"https:\/\/ravenco.eu\/cs\/wp-json\/wp\/v2\/pages"}],"about":[{"href":"https:\/\/ravenco.eu\/cs\/wp-json\/wp\/v2\/types\/page"}],"author":[{"embeddable":true,"href":"https:\/\/ravenco.eu\/cs\/wp-json\/wp\/v2\/users\/1"}],"replies":[{"embeddable":true,"href":"https:\/\/ravenco.eu\/cs\/wp-json\/wp\/v2\/comments?post=298"}],"version-history":[{"count":3,"href":"https:\/\/ravenco.eu\/cs\/wp-json\/wp\/v2\/pages\/298\/revisions"}],"predecessor-version":[{"id":468,"href":"https:\/\/ravenco.eu\/cs\/wp-json\/wp\/v2\/pages\/298\/revisions\/468"}],"wp:attachment":[{"href":"https:\/\/ravenco.eu\/cs\/wp-json\/wp\/v2\/media?parent=298"}],"curies":[{"name":"wp","href":"https:\/\/api.w.org\/{rel}","templated":true}]}}