{"id":301,"date":"2025-08-14T08:59:27","date_gmt":"2025-08-14T08:59:27","guid":{"rendered":"https:\/\/raven.wowpress.pl\/tym\/"},"modified":"2025-08-29T08:09:16","modified_gmt":"2025-08-29T08:09:16","slug":"tym","status":"publish","type":"page","link":"https:\/\/ravenco.eu\/cs\/tym\/","title":{"rendered":"T\u00fdm"},"content":{"rendered":"<section class=\"l-section wpb_row height_small\"><div class=\"l-section-h i-cf\"><div class=\"g-cols vc_row via_grid cols_1 laptops-cols_inherit tablets-cols_inherit mobiles-cols_1 valign_top type_default stacking_default\"><div class=\"wpb_column vc_column_container\"><div class=\"vc_column-inner\"><div class=\"w-separator size_medium\"><\/div><h3 class=\"w-text\"><span class=\"w-text-h\"><span class=\"w-text-value\">Struktura spole\u010dnosti<\/span><\/span><\/h3><div class=\"w-separator size_small with_line width_default thick_1 style_solid color_border align_center\"><div class=\"w-separator-h\"><\/div><\/div><div class=\"g-cols wpb_row us_custom_92b2762d via_grid cols_4 laptops-cols_inherit tablets-cols_inherit mobiles-cols_1 valign_top type_default stacking_default\" style=\"--columns-gap:3rem;\"><div class=\"wpb_column vc_column_container\"><div class=\"vc_column-inner\"><div class=\"wpb_text_column\"><div class=\"wpb_wrapper\"><p><strong>Adam Zych<\/strong><br \/>CEO<\/p>\n<\/div><\/div><div class=\"w-separator size_small with_line width_default thick_1 style_solid color_border align_center\"><div class=\"w-separator-h\"><\/div><\/div><div class=\"wpb_text_column\"><div class=\"wpb_wrapper\"><p><strong>Piotr Wi\u015bniewski <\/strong><br \/>Business Development Director <a href=\"mailto:piotr.wisniewski@ravenco.eu\">piotr.wisniewski@ravenco.eu<\/a><br \/><a href=\"tel:731%20390%20060\">731 390 060<\/a><\/p>\n<\/div><\/div><\/div><\/div><\/div><\/div><\/div><\/div><\/div><\/section><section class=\"l-section wpb_row height_small\"><div class=\"l-section-h i-cf\"><div class=\"g-cols vc_row via_grid cols_1 laptops-cols_inherit tablets-cols_inherit mobiles-cols_1 valign_top type_default stacking_default\"><div class=\"wpb_column vc_column_container\"><div class=\"vc_column-inner\"><h3 class=\"w-text\"><span class=\"w-text-h\"><span class=\"w-text-value\">Odd\u011blen\u00ed prodeje a brand managementu<\/span><\/span><\/h3><div class=\"w-separator size_small with_line width_default thick_1 style_solid color_border align_center\"><div class=\"w-separator-h\"><\/div><\/div><div class=\"g-cols wpb_row us_custom_92b2762d via_grid cols_4 laptops-cols_inherit tablets-cols_inherit mobiles-cols_1 valign_top type_default stacking_default\" style=\"--columns-gap:3rem;\"><div class=\"wpb_column vc_column_container\"><div class=\"vc_column-inner\"><div class=\"wpb_text_column\"><div class=\"wpb_wrapper\"><p><strong>\u0141ukasz Durbas<\/strong><br \/>Sales Director<br \/><a href=\"mailto:lukasz.durbas@ravenco.eu\">lukasz.durbas@ravenco.eu<\/a><br \/><a href=\"tel:730%20607%20002\">730 607 002<\/a><\/p>\n<\/div><\/div><\/div><\/div><div class=\"wpb_column vc_column_container\"><div class=\"vc_column-inner\"><div class=\"wpb_text_column\"><div class=\"wpb_wrapper\"><p><strong>Konrad Gill<\/strong><br \/>Business Development Manager<br \/><a href=\"mailto:konrad.gill@ravenco.eu\">konrad.gill@ravenco.eu<\/a><br \/><a href=\"tel:731%20210%20680\">731 210 680<\/a><\/p>\n<\/div><\/div><\/div><\/div><div class=\"wpb_column vc_column_container\"><div class=\"vc_column-inner\"><div class=\"wpb_text_column\"><div class=\"wpb_wrapper\"><p><strong>K\u00e1roly Czunyi-Vir\u00e1g<\/strong><br \/>Sales Manager<br \/><a href=\"mailto:karoly.czunyi.virag@ravenco.eu\">karoly.czunyi.virag@ravenco.eu<\/a><br \/><a href=\"tel:36%2030%20602%200399\">36 30 602 0399<\/a><\/p>\n<\/div><\/div><\/div><\/div><div class=\"wpb_column vc_column_container\"><div class=\"vc_column-inner\"><div class=\"wpb_text_column\"><div class=\"wpb_wrapper\"><p><strong>Petr Van\u00ed\u010dek<\/strong><br \/>Sales Manager<br \/><a href=\"mailto:petr.vanicek@ravenco.eu\">petr.vanicek@ravenco.eu<\/a><br \/><a href=\"tel:420%20724%20980%20716\">420 724 980 716<\/a><\/p>\n<\/div><\/div><\/div><\/div><\/div><div class=\"g-cols wpb_row us_custom_92b2762d via_grid cols_4 laptops-cols_inherit tablets-cols_inherit mobiles-cols_1 valign_top type_default stacking_default\" style=\"--columns-gap:3rem;\"><div class=\"wpb_column vc_column_container\"><div class=\"vc_column-inner\"><div class=\"wpb_text_column\"><div class=\"wpb_wrapper\"><p><strong>Mariola Mitoraj<\/strong><br \/>Brand &amp; Operations Manager<br \/><a href=\"mailto:mariola.mitoraj@ravenco.eu\">mariola.mitoraj@ravenco.eu<\/a><br \/><a href=\"tel:126%20285%20196\">126 285 196 <\/a> <\/p>\n<\/div><\/div><\/div><\/div><div class=\"wpb_column vc_column_container\"><div class=\"vc_column-inner\"><div class=\"wpb_text_column\"><div class=\"wpb_wrapper\"><p><strong>Katarzyna Mo\u0142czan<\/strong><br \/>Brand Manager<br \/><a href=\"mailto:katarzyna.molczan@ravenco.eu\">katarzyna.molczan@ravenco.eu<\/a><br \/><a href=\"tel:731%20990%20550\">731 990 550<\/a><\/p>\n<\/div><\/div><\/div><\/div><div class=\"wpb_column vc_column_container\"><div class=\"vc_column-inner\"><div class=\"wpb_text_column\"><div class=\"wpb_wrapper\"><p><strong>Paulina Zawartka<\/strong><br \/>Brand Manager<br \/><a href=\"mailto:paulina.zawartka@ravenco.eu\">paulina.zawartka@ravenco.eu<\/a><br \/><a href=\"tel:539%20973%20393\">539 973 393 <\/a> <\/p>\n<\/div><\/div><\/div><\/div><div class=\"wpb_column vc_column_container\"><div class=\"vc_column-inner\"><div class=\"wpb_text_column\"><div class=\"wpb_wrapper\"><p><strong>Monika Hankus<\/strong><br \/>Brand Manager<br \/><a href=\"mailto:monika.hankus@ravenco.eu\">monika.hankus@ravenco.eu<\/a><br \/><a href=\"tel:731%20510%20150\">731 510 150 <\/a> <\/p>\n<\/div><\/div><\/div><\/div><\/div><div class=\"g-cols wpb_row us_custom_92b2762d via_grid cols_4 laptops-cols_inherit tablets-cols_inherit mobiles-cols_1 valign_top type_default stacking_default\" style=\"--columns-gap:3rem;\"><div class=\"wpb_column vc_column_container\"><div class=\"vc_column-inner\"><div class=\"wpb_text_column\"><div class=\"wpb_wrapper\"><p><strong>Patrycja Baranowska<\/strong><br \/>Junior Brand Manager<br \/><a href=\"mailto:patrycja.baranowska@ravenco.eu\">patrycja.baranowska@ravenco.eu<\/a><br \/><a href=\"tel:126%20285%20196\">126 285 196 <\/a> <\/p>\n<\/div><\/div><\/div><\/div><div class=\"wpb_column vc_column_container\"><div class=\"vc_column-inner\"><div class=\"wpb_text_column\"><div class=\"wpb_wrapper\"><p><strong>Mateusz Grabowski<\/strong><br \/>Brand Manager<br \/><a href=\"mailto:mateusz.grabowski@ravenco.eu\">mateusz.grabowski@ravenco.eu<\/a><br \/><a href=\"tel:730%20790%20030\">730 790 030<\/a><\/p>\n<\/div><\/div><\/div><\/div><div class=\"wpb_column vc_column_container\"><div class=\"vc_column-inner\"><div class=\"wpb_text_column\"><div class=\"wpb_wrapper\"><p><strong>Maciej Krupa<\/strong><br \/>Brand Manager<br \/><a href=\"mailto:maciej.krupa@ravenco.eu\">maciej.krupa@ravenco.eu<\/a><br \/><a href=\"tel:731%20840%20160\">731 840 160 <\/a> <\/p>\n<\/div><\/div><\/div><\/div><div class=\"wpb_column vc_column_container\"><div class=\"vc_column-inner\"><div class=\"wpb_text_column\"><div class=\"wpb_wrapper\"><p><strong>Micha\u0142 G\u0105siorski<\/strong><br \/>Tech Representative<br \/><a href=\"mailto:michal.gasiorski@ravenco.eu\">michal.gasiorski@ravenco.eu<\/a><br \/><a href=\"tel:731%20650%20380\">731 650 380<\/a><\/p>\n<\/div><\/div><\/div><\/div><\/div><div class=\"g-cols wpb_row us_custom_92b2762d via_grid cols_4 laptops-cols_inherit tablets-cols_inherit mobiles-cols_1 valign_top type_default stacking_default\" style=\"--columns-gap:3rem;\"><div class=\"wpb_column vc_column_container\"><div class=\"vc_column-inner\"><div class=\"wpb_text_column\"><div class=\"wpb_wrapper\"><p><strong>Oana Banu<\/strong><br \/>Sales Representative<br \/><a href=\"mailto:oana.banu@ravenco.eu\">oana.banu@ravenco.eu<\/a><br \/><a href=\"tel:36%2030%20204%208647\">36 30 204 8647<\/a><\/p>\n<\/div><\/div><\/div><\/div><div class=\"wpb_column vc_column_container\"><div class=\"vc_column-inner\"><div class=\"wpb_text_column\"><div class=\"wpb_wrapper\"><p><strong>M\u00e1ty\u00e1s Wolf<\/strong><br \/>Sales Representative<br \/><a href=\"mailto:matyas.wolf@ravenco.eu\">matyas.wolf@ravenco.eu<\/a><br \/><a href=\"tel:36%2030%20310%200672\">36 30 310 0672<\/a><\/p>\n<\/div><\/div><\/div><\/div><div class=\"wpb_column vc_column_container\"><div class=\"vc_column-inner\"><div class=\"wpb_text_column\"><div class=\"wpb_wrapper\"><p><strong>Zsolt Keresztes<\/strong><br \/>Sales Representative<br \/><a href=\"mailto:zsolt.keresztes@ravenco.eu\">zsolt.keresztes@ravenco.eu<\/a><br \/><a href=\"tel:36%2030%20242%206263\">36 30 242 6263<\/a><\/p>\n<\/div><\/div><\/div><\/div><\/div><\/div><\/div><\/div><\/div><\/section><section class=\"l-section wpb_row height_small\"><div class=\"l-section-h i-cf\"><div class=\"g-cols vc_row via_grid cols_1 laptops-cols_inherit tablets-cols_inherit mobiles-cols_1 valign_top type_default stacking_default\"><div class=\"wpb_column vc_column_container\"><div class=\"vc_column-inner\"><h3 class=\"w-text\"><span class=\"w-text-h\"><span class=\"w-text-value\">Odd\u011blen\u00ed z\u00e1kaznick\u00e9ho servisu<\/span><\/span><\/h3><div class=\"w-separator size_small with_line width_default thick_1 style_solid color_border align_center\"><div class=\"w-separator-h\"><\/div><\/div><div class=\"g-cols wpb_row us_custom_92b2762d via_grid cols_4 laptops-cols_inherit tablets-cols_inherit mobiles-cols_1 valign_top type_default stacking_default\" style=\"--columns-gap:3rem;\"><div class=\"wpb_column vc_column_container\"><div class=\"vc_column-inner\"><div class=\"wpb_text_column\"><div class=\"wpb_wrapper\"><p><strong>Oskar Bana\u015bkiewicz <\/strong><br \/>Operations Director<br \/><a href=\"mailto:oskar.banaskiewicz@ravenco.eu\">oskar.banaskiewicz@ravenco.eu<\/a><br \/><a href=\"tel:739%20250%20960\">739 250 960 <\/a> <\/p>\n<\/div><\/div><\/div><\/div><div class=\"wpb_column vc_column_container\"><div class=\"vc_column-inner\"><div class=\"wpb_text_column\"><div class=\"wpb_wrapper\"><p><strong>Oliwia W\u0105s<\/strong><br \/>CS Coordinator<br \/><a href=\"mailto:oliwia.was@ravenco.eu\">oliwia.was@ravenco.eu<\/a><br \/><a href=\"tel:126%20285%20196\">126 285 196 <\/a> <\/p>\n<\/div><\/div><\/div><\/div><div class=\"wpb_column vc_column_container\"><div class=\"vc_column-inner\"><div class=\"wpb_text_column\"><div class=\"wpb_wrapper\"><p><strong>Beata Kaczmarczyk<\/strong><br \/>CS Specialist<br \/><a href=\"mailto:beata.kaczmarczyk@ravenco.eu\">beata.kaczmarczyk@ravenco.eu<\/a><br \/><a href=\"tel:126%20285%20196\">126 285 196 <\/a> <\/p>\n<\/div><\/div><\/div><\/div><div class=\"wpb_column vc_column_container\"><div class=\"vc_column-inner\"><div class=\"wpb_text_column\"><div class=\"wpb_wrapper\"><p><strong>Maciej Townsend<\/strong><br \/><span>CS and Logistics Specialist<\/span><br \/><a href=\"mailto:maciej.townsend@ravenco.eu\">maciej.townsend@ravenco.eu<\/a><br \/><a href=\"tel:536%20510%20230\">536 510 230<\/a><\/p>\n<\/div><\/div><\/div><\/div><\/div><div class=\"g-cols wpb_row us_custom_92b2762d via_grid cols_4 laptops-cols_inherit tablets-cols_inherit mobiles-cols_1 valign_top type_default stacking_default\" style=\"--columns-gap:3rem;\"><div class=\"wpb_column vc_column_container\"><div class=\"vc_column-inner\"><div class=\"wpb_text_column\"><div class=\"wpb_wrapper\"><p><strong>Aleksandra Cebula <\/strong><br \/>CS Specialist<br \/><a href=\"mailto:aleksandra.cebula@ravenco.eu\">aleksandra.cebula@ravenco.eu<\/a><br \/><a href=\"tel:126%20285%20196\">126 285 196 <\/a> <\/p>\n<\/div><\/div><\/div><\/div><\/div><\/div><\/div><\/div><\/div><\/section><section class=\"l-section wpb_row height_small\"><div class=\"l-section-h i-cf\"><div class=\"g-cols vc_row via_grid cols_1 laptops-cols_inherit tablets-cols_inherit mobiles-cols_1 valign_top type_default stacking_default\"><div class=\"wpb_column vc_column_container\"><div class=\"vc_column-inner\"><h3 class=\"w-text\"><span class=\"w-text-h\"><span class=\"w-text-value\">Marketingov\u00e9 odd\u011blen\u00ed<\/span><\/span><\/h3><div class=\"w-separator size_small with_line width_default thick_1 style_solid color_border align_center\"><div class=\"w-separator-h\"><\/div><\/div><div class=\"g-cols wpb_row us_custom_92b2762d via_grid cols_4 laptops-cols_inherit tablets-cols_inherit mobiles-cols_1 valign_top type_default stacking_default\" style=\"--columns-gap:3rem;\"><div class=\"wpb_column vc_column_container\"><div class=\"vc_column-inner\"><div class=\"wpb_text_column\"><div class=\"wpb_wrapper\"><p><strong>Szymon M\u0142odnicki<\/strong><br \/>Marketing Manager<br \/><a href=\"mailto:szymon.mlodnicki@ravenco.eu\">szymon.mlodnicki@ravenco.eu<\/a><br \/><a href=\"tel:731%20030%20780\">731 030 780<\/a><\/p>\n<\/div><\/div><\/div><\/div><div class=\"wpb_column vc_column_container\"><div class=\"vc_column-inner\"><div class=\"wpb_text_column\"><div class=\"wpb_wrapper\"><p><strong>Aleksandra Marchewka<\/strong><br \/>Senior Marketing Specialist<br \/><a href=\"mailto:aleksandra.marchewka@ravenco.eu\">aleksandra.marchewka@ravenco.eu<\/a><\/p>\n<\/div><\/div><\/div><\/div><div class=\"wpb_column vc_column_container\"><div class=\"vc_column-inner\"><div class=\"wpb_text_column\"><div class=\"wpb_wrapper\"><p><strong>Marta Dobosz<\/strong><br \/>Marketing Specialist<br \/><a href=\"mailto:marta.dobosz@ravenco.eu\">marta.dobosz@ravenco.eu<\/a><br \/><a href=\"tel:882%20764%20840\">882 764 840<\/a><\/p>\n<\/div><\/div><\/div><\/div><div class=\"wpb_column vc_column_container\"><div class=\"vc_column-inner\"><div class=\"wpb_text_column\"><div class=\"wpb_wrapper\"><p><strong>R\u00e9ka Hunfalusi<\/strong><br \/>Marketing Specialist<br \/><a href=\"mailto:%20reka.hunfalusi@ravenco.eu\"> reka.hunfalusi@ravenco.eu<\/a><br \/><a href=\"tel:36%2030%20242%206265\">36 30 242 6265<\/a><\/p>\n<\/div><\/div><\/div><\/div><\/div><div class=\"g-cols wpb_row us_custom_4f24afa8 via_grid cols_4 laptops-cols_inherit tablets-cols_inherit mobiles-cols_1 valign_top type_default stacking_default\" style=\"--columns-gap:3rem;\"><div class=\"wpb_column vc_column_container\"><div class=\"vc_column-inner\"><div class=\"wpb_text_column\"><div class=\"wpb_wrapper\"><p><strong>D\u00f3ra Szab\u00f3<\/strong><br \/>Marketing Specialist<br \/><a href=\"mailto:dora.szabo@ravenco.eu\">dora.szabo@ravenco.eu<\/a><br \/><a href=\"tel:36%2030%20204%208623\">36 30 204 8623<\/a><\/p>\n<\/div><\/div><\/div><\/div><div class=\"wpb_column vc_column_container\"><div class=\"vc_column-inner\"><div class=\"wpb_text_column\"><div class=\"wpb_wrapper\"><p><strong>Martin Rado\u0161ovsk\u00fd<\/strong><br \/>Marketing Specialist<br \/><a href=\"mailto:martin.radosovsky@ravenco.eu\">martin.radosovsky@ravenco.eu<\/a><br \/><a href=\"tel:420%20733%20361%20938\">420 733 361 938<\/a><\/p>\n<\/div><\/div><\/div><\/div><div class=\"wpb_column vc_column_container\"><div class=\"vc_column-inner\"><div class=\"wpb_text_column\"><div class=\"wpb_wrapper\"><p><strong>Magdalena Kowalska<\/strong><br \/>Junior Marketing Specialist<br \/><a href=\"mailto:magdalena.kowalska@ravenco.eu\">magdalena.kowalska@ravenco.eu<\/a><br \/><a href=\"tel:882%20764%20840\">882 764 840<\/a><\/p>\n<\/div><\/div><\/div><\/div><\/div><\/div><\/div><\/div><\/div><\/section><section class=\"l-section wpb_row height_small\"><div class=\"l-section-h i-cf\"><div class=\"g-cols vc_row via_grid cols_1 laptops-cols_inherit tablets-cols_inherit mobiles-cols_1 valign_top type_default stacking_default\"><div class=\"wpb_column vc_column_container\"><div class=\"vc_column-inner\"><h3 class=\"w-text\"><span class=\"w-text-h\"><span class=\"w-text-value\">Odd\u011blen\u00ed e-commerce<\/span><\/span><\/h3><div class=\"w-separator size_small with_line width_default thick_1 style_solid color_border align_center\"><div class=\"w-separator-h\"><\/div><\/div><div class=\"g-cols wpb_row us_custom_92b2762d via_grid cols_4 laptops-cols_inherit tablets-cols_inherit mobiles-cols_1 valign_top type_default stacking_default\" style=\"--columns-gap:3rem;\"><div class=\"wpb_column vc_column_container\"><div class=\"vc_column-inner\"><div class=\"wpb_text_column\"><div class=\"wpb_wrapper\"><p><strong>Anna Dubi\u0144ska<\/strong><br \/>E-commerce Director<br \/><a href=\"mailto:anna.dubinska@ravenco.eu\">anna.dubinska@ravenco.eu<\/a><br \/><a href=\"tel:731%20260%20470\">731 260 470<\/a><\/p>\n<\/div><\/div><\/div><\/div><div class=\"wpb_column vc_column_container\"><div class=\"vc_column-inner\"><div class=\"wpb_text_column\"><div class=\"wpb_wrapper\"><p><strong>Sonia Tykha<\/strong><br \/>B2C Specialist<br \/><a href=\"mailto:sonia.tykha@ravenco.eu\">sonia.tykha@ravenco.eu<\/a><br \/><a href=\"tel:666%20734%20557\">666 734 557 <\/a> <\/p>\n<\/div><\/div><\/div><\/div><div class=\"wpb_column vc_column_container\"><div class=\"vc_column-inner\"><div class=\"wpb_text_column\"><div class=\"wpb_wrapper\"><p><strong>Wojciech Chalota<\/strong><br \/>B2C Specialist<br \/><a href=\"mailto:wojciech.chalota@ravenco.eu\">wojciech.chalota@ravenco.eu<\/a><br \/><a href=\"tel:666%20734%20557\">666 734 557 <\/a> <\/p>\n<\/div><\/div><\/div><\/div><div class=\"wpb_column vc_column_container\"><div class=\"vc_column-inner\"><div class=\"wpb_text_column\"><div class=\"wpb_wrapper\"><p><strong>Barbara Bro\u017cek<\/strong><br \/>Junior E-commerce Specialist<\/p>\n<\/div><\/div><\/div><\/div><\/div><div class=\"g-cols wpb_row us_custom_92b2762d via_grid cols_4 laptops-cols_inherit tablets-cols_inherit mobiles-cols_1 valign_top type_default stacking_default\" style=\"--columns-gap:3rem;\"><div class=\"wpb_column vc_column_container\"><div class=\"vc_column-inner\"><div class=\"wpb_text_column\"><div class=\"wpb_wrapper\"><p><strong>Wiktor Knaflewski<\/strong><br \/>Junior E-commerce Implementation Specialist<\/p>\n<\/div><\/div><\/div><\/div><\/div><\/div><\/div><\/div><\/div><\/section><section class=\"l-section wpb_row height_small\"><div class=\"l-section-h i-cf\"><div class=\"g-cols vc_row via_grid cols_1 laptops-cols_inherit tablets-cols_inherit mobiles-cols_1 valign_top type_default stacking_default\"><div class=\"wpb_column vc_column_container\"><div class=\"vc_column-inner\"><h3 class=\"w-text\"><span class=\"w-text-h\"><span class=\"w-text-value\">Finan\u010dn\u00ed odd\u011blen\u00ed<\/span><\/span><\/h3><div class=\"w-separator size_small with_line width_default thick_1 style_solid color_border align_center\"><div class=\"w-separator-h\"><\/div><\/div><div class=\"g-cols wpb_row us_custom_92b2762d via_grid cols_4 laptops-cols_inherit tablets-cols_inherit mobiles-cols_1 valign_top type_default stacking_default\" style=\"--columns-gap:3rem;\"><div class=\"wpb_column vc_column_container\"><div class=\"vc_column-inner\"><div class=\"wpb_text_column\"><div class=\"wpb_wrapper\"><p><strong>Grzegorz Bies<\/strong><br \/>Finance Director<br \/><a href=\"mailto:grzegorz.bies@ravenco.eu\">grzegorz.bies@ravenco.eu<\/a><br \/><a href=\"tel:731%20140%20430\">731 140 430<\/a><\/p>\n<\/div><\/div><\/div><\/div><div class=\"wpb_column vc_column_container\"><div class=\"vc_column-inner\"><div class=\"wpb_text_column\"><div class=\"wpb_wrapper\"><p><strong>Iwona Dukielska<\/strong><br \/>Hlavn\u00ed \u00fa\u010detn\u00ed<br \/><a href=\"mailto:iwona.dukielska@ravenco.eu\">iwona.dukielska@ravenco.eu<\/a><br \/><a href=\"tel:731%20630%20140\">731 630 140<\/a><\/p>\n<\/div><\/div><\/div><\/div><div class=\"wpb_column vc_column_container\"><div class=\"vc_column-inner\"><div class=\"wpb_text_column\"><div class=\"wpb_wrapper\"><p><strong>Magdalena W\u00f3jtowicz<\/strong><br \/>\u00da\u010detn\u00ed<br \/><a href=\"mailto:magdalena.wojtowicz@ravenco.eu\">magdalena.wojtowicz@ravenco.eu<\/a><br \/><a href=\"tel:539%20973%20413\">539 973 413 <\/a> <\/p>\n<\/div><\/div><\/div><\/div><div class=\"wpb_column vc_column_container\"><div class=\"vc_column-inner\"><div class=\"wpb_text_column\"><div class=\"wpb_wrapper\"><p><strong>Grzegorz Durman<\/strong><br \/>\u00da\u010detn\u00ed<br \/><a href=\"mailto:grzegorz.durman@ravenco.eu\">grzegorz.durman@ravenco.eu<\/a><br \/><a href=\"tel:539%20973%20413\">539 973 413 <\/a> <\/p>\n<\/div><\/div><\/div><\/div><\/div><div class=\"g-cols wpb_row us_custom_92b2762d via_grid cols_4 laptops-cols_inherit tablets-cols_inherit mobiles-cols_1 valign_top type_default stacking_default\" style=\"--columns-gap:3rem;\"><div class=\"wpb_column vc_column_container\"><div class=\"vc_column-inner\"><div class=\"wpb_text_column\"><div class=\"wpb_wrapper\"><p><strong>Lidia Ryglewicz-Klima<\/strong><br \/>HR Specialist<br \/><a href=\"mailto:lidia.klima@ravenco.eu\">lidia.klima@ravenco.eu<\/a><\/p>\n<\/div><\/div><\/div><\/div><div class=\"wpb_column vc_column_container\"><div class=\"vc_column-inner\"><div class=\"wpb_text_column\"><div class=\"wpb_wrapper\"><p><strong>Zuzanna Rurarz<\/strong><br \/>\u00da\u010detn\u00ed<br \/><a href=\"mailto:aleksandra.marchewka@ravenco.eu\">zuzanna.rurarz@ravenco.eu<\/a><br \/><a href=\"tel:539%20973%20413\">539 973 413 <\/a> <\/p>\n<\/div><\/div><\/div><\/div><\/div><\/div><\/div><\/div><\/div><\/section><section class=\"l-section wpb_row height_small\"><div class=\"l-section-h i-cf\"><div class=\"g-cols vc_row via_grid cols_1 laptops-cols_inherit tablets-cols_inherit mobiles-cols_1 valign_top type_default stacking_default\"><div class=\"wpb_column vc_column_container\"><div class=\"vc_column-inner\"><h3 class=\"w-text\"><span class=\"w-text-h\"><span class=\"w-text-value\">Logistick\u00e9 odd\u011blen\u00ed<\/span><\/span><\/h3><div class=\"w-separator size_small with_line width_default thick_1 style_solid color_border align_center\"><div class=\"w-separator-h\"><\/div><\/div><div class=\"g-cols wpb_row us_custom_92b2762d via_grid cols_4 laptops-cols_inherit tablets-cols_inherit mobiles-cols_1 valign_top type_default stacking_default\" style=\"--columns-gap:3rem;\"><div class=\"wpb_column vc_column_container\"><div class=\"vc_column-inner\"><div class=\"wpb_text_column\"><div class=\"wpb_wrapper\"><p><strong>Konrad Perier<\/strong><br \/>Vedouc\u00ed skladu<br \/><a href=\"mailto:konrad.perier@ravenco.eu\">konrad.perier@ravenco.eu<\/a><br \/><a href=\"tel:602%20315%20827\">602 315 827<\/a><\/p>\n<\/div><\/div><\/div><\/div><div class=\"wpb_column vc_column_container\"><div class=\"vc_column-inner\"><div class=\"wpb_text_column\"><div class=\"wpb_wrapper\"><p><strong>Bartosz Litewka<\/strong><br \/>Dep. Man. Warehouse <a href=\"mailto:bartosz.litewka@ravenco.eu\">bartosz.litewka@ravenco.eu<\/a>  <br \/><a href=\"tel:602%20315%20827\">602 315 827<\/a><\/p>\n<\/div><\/div><\/div><\/div><\/div><div class=\"w-separator size_medium\"><\/div><\/div><\/div><\/div><\/div><\/section>\n","protected":false},"excerpt":{"rendered":"","protected":false},"author":1,"featured_media":0,"parent":0,"menu_order":0,"comment_status":"closed","ping_status":"closed","template":"","meta":{"_acf_changed":false,"footnotes":""},"class_list":["post-301","page","type-page","status-publish","hentry"],"acf":[],"_links":{"self":[{"href":"https:\/\/ravenco.eu\/cs\/wp-json\/wp\/v2\/pages\/301","targetHints":{"allow":["GET"]}}],"collection":[{"href":"https:\/\/ravenco.eu\/cs\/wp-json\/wp\/v2\/pages"}],"about":[{"href":"https:\/\/ravenco.eu\/cs\/wp-json\/wp\/v2\/types\/page"}],"author":[{"embeddable":true,"href":"https:\/\/ravenco.eu\/cs\/wp-json\/wp\/v2\/users\/1"}],"replies":[{"embeddable":true,"href":"https:\/\/ravenco.eu\/cs\/wp-json\/wp\/v2\/comments?post=301"}],"version-history":[{"count":4,"href":"https:\/\/ravenco.eu\/cs\/wp-json\/wp\/v2\/pages\/301\/revisions"}],"predecessor-version":[{"id":455,"href":"https:\/\/ravenco.eu\/cs\/wp-json\/wp\/v2\/pages\/301\/revisions\/455"}],"wp:attachment":[{"href":"https:\/\/ravenco.eu\/cs\/wp-json\/wp\/v2\/media?parent=301"}],"curies":[{"name":"wp","href":"https:\/\/api.w.org\/{rel}","templated":true}]}}