{"id":336,"date":"2025-08-14T07:39:54","date_gmt":"2025-08-14T07:39:54","guid":{"rendered":"https:\/\/raven.wowpress.pl\/kapcsolat\/"},"modified":"2025-08-29T14:00:00","modified_gmt":"2025-08-29T14:00:00","slug":"kapcsolat","status":"publish","type":"page","link":"https:\/\/ravenco.eu\/hu\/kapcsolat\/","title":{"rendered":"Kapcsolat"},"content":{"rendered":"<section class=\"l-section wpb_row height_auto width_full color_alternate\"><div class=\"l-section-h i-cf\"><div class=\"g-cols vc_row via_grid cols_2 laptops-cols_inherit tablets-cols_1 mobiles-cols_1 valign_middle type_default reversed stacking_default\" style=\"--columns-gap:0rem;\"><div class=\"wpb_column vc_column_container\"><div class=\"vc_column-inner\"><div class=\"w-map provider_osm us_custom_650985bf\" id=\"us_map_1\"><div class=\"w-map-inner\"><div class=\"w-map-json\" onclick='return {&quot;address&quot;:&quot;50.0502486,19.9609856&quot;,&quot;disableDragging&quot;:1,&quot;disableZoom&quot;:1,&quot;hideControls&quot;:0,&quot;zoom&quot;:16,&quot;markers&quot;:[{&quot;address&quot;:&quot;50.0502486,19.9609856&quot;,&quot;html&quot;:&quot;&quot;,&quot;infowindow&quot;:0}],&quot;style&quot;:&quot;https:\\\/\\\/{s}.basemaps.cartocdn.com\\\/rastertiles\\\/voyager\\\/{z}\\\/{x}\\\/{y}{r}.png&quot;}'><\/div><\/div><\/div><\/div><\/div><div class=\"wpb_column vc_column_container us_custom_d86a3d90\"><div class=\"vc_column-inner\"><h2 class=\"w-text\"><span class=\"w-text-h\"><span class=\"w-text-value\">Kapcsolat<\/span><\/span><\/h2><div class=\"wpb_text_column us_custom_4481559d\"><div class=\"wpb_wrapper\"><h4>Raven Sport sp. z o.o. <\/h4>\n<p>ul. Zab\u0142ocie 23\/10, 30 \u2013 701 Krakk\u00f3<br \/>NIP: 9452039904<br \/>REGON: 120082083<br \/>KRS: 0000953470 <\/p>\n<\/div><\/div><div class=\"w-separator size_small\"><\/div><div class=\"wpb_text_column us_custom_4481559d\"><div class=\"wpb_wrapper\"><h4>Telefonos kapcsolat<\/h4>\n<p>\u00e9rt\u00e9kes\u00edt\u00e9s \u00e9s marketing: <a href=\"tel:12%20628%2051%2095\">12 628 51 95<\/a><br \/>rendel\u00e9sek \u00e9s sz\u00e1ml\u00e1k: <a href=\"tel:12%20628%2051%2096\">12 628 51 96<\/a><br \/>k\u00f6nyvel\u00e9s \u00e9s fizet\u00e9sek: <a href=\"tel:539%20973%20413\">539 973 413<\/a><\/p>\n<\/div><\/div><div class=\"w-separator size_small\"><\/div><div class=\"wpb_text_column us_custom_4481559d\"><div class=\"wpb_wrapper\"><h4>E-mail kapcsolat<\/h4>\n<p>\u00e9rt\u00e9kes\u00edt\u00e9s \u00e9s \u00fcgyf\u00e9lszolg\u00e1lat: <a href=\"mailto:kontakt@ravenco.eu\">kontakt@ravenco.eu<\/a><br \/>k\u00f6nyvel\u00e9s: <a href=\"mailto:ksiegowosc@ravenco.eu\">ksiegowosc@ravenco.eu<\/a><br \/>marketing: <a href=\"mailto:marketing@ravenco.eu\">marketing@ravenco.eu<\/a><br \/>panaszok: <a href=\"mailto:reklamacje@ravenco.eu\">reklamacje@ravenco.eu<\/a><br \/>karrier: <a href=\"mailto:rekrutacja@ravenco.eu\">rekrutacja@ravenco.eu<\/a><\/p>\n<\/div><\/div><\/div><\/div><\/div><\/div><\/section>\n","protected":false},"excerpt":{"rendered":"","protected":false},"author":1,"featured_media":0,"parent":0,"menu_order":0,"comment_status":"closed","ping_status":"closed","template":"","meta":{"_acf_changed":false,"footnotes":""},"class_list":["post-336","page","type-page","status-publish","hentry"],"acf":[],"_links":{"self":[{"href":"https:\/\/ravenco.eu\/hu\/wp-json\/wp\/v2\/pages\/336","targetHints":{"allow":["GET"]}}],"collection":[{"href":"https:\/\/ravenco.eu\/hu\/wp-json\/wp\/v2\/pages"}],"about":[{"href":"https:\/\/ravenco.eu\/hu\/wp-json\/wp\/v2\/types\/page"}],"author":[{"embeddable":true,"href":"https:\/\/ravenco.eu\/hu\/wp-json\/wp\/v2\/users\/1"}],"replies":[{"embeddable":true,"href":"https:\/\/ravenco.eu\/hu\/wp-json\/wp\/v2\/comments?post=336"}],"version-history":[{"count":3,"href":"https:\/\/ravenco.eu\/hu\/wp-json\/wp\/v2\/pages\/336\/revisions"}],"predecessor-version":[{"id":470,"href":"https:\/\/ravenco.eu\/hu\/wp-json\/wp\/v2\/pages\/336\/revisions\/470"}],"wp:attachment":[{"href":"https:\/\/ravenco.eu\/hu\/wp-json\/wp\/v2\/media?parent=336"}],"curies":[{"name":"wp","href":"https:\/\/api.w.org\/{rel}","templated":true}]}}